{"id":2481,"date":"2025-07-16T16:01:57","date_gmt":"2025-07-16T14:01:57","guid":{"rendered":"https:\/\/www.cityterasa.si\/sommer-auf-der-city-terasa"},"modified":"2026-01-18T13:37:16","modified_gmt":"2026-01-18T12:37:16","slug":"sommer-auf-der-city-terasa","status":"publish","type":"page","link":"https:\/\/www.cityterasa.si\/de\/sommer-auf-der-city-terasa","title":{"rendered":"Sommer auf der City Terasa"},"content":{"rendered":"\t\t<div data-elementor-type=\"wp-page\" data-elementor-id=\"2481\" class=\"elementor elementor-2481 elementor-2406\" data-elementor-post-type=\"page\">\n\t\t\t\t<div class=\"elementor-element elementor-element-bfe5130 e-flex e-con-boxed e-con e-parent\" data-id=\"bfe5130\" data-element_type=\"container\" data-e-type=\"container\">\n\t\t\t\t\t<div class=\"e-con-inner\">\n\t\t\t\t<div class=\"elementor-element elementor-element-4291d69 elementor-widget elementor-widget-heading\" data-id=\"4291d69\" data-element_type=\"widget\" data-e-type=\"widget\" data-widget_type=\"heading.default\">\n\t\t\t\t<div class=\"elementor-widget-container\">\n\t\t\t\t\t<h2 class=\"elementor-heading-title elementor-size-default\">Vielen Dank, dass Sie sich f\u00fcr das Hotel City Maribor**** entschieden haben.<\/h2>\t\t\t\t<\/div>\n\t\t\t\t<\/div>\n\t\t\t\t<div class=\"elementor-element elementor-element-ab2b62f elementor-widget__width-initial elementor-widget elementor-widget-text-editor\" data-id=\"ab2b62f\" data-element_type=\"widget\" data-e-type=\"widget\" data-widget_type=\"text-editor.default\">\n\t\t\t\t<div class=\"elementor-widget-container\">\n\t\t\t\t\t\t\t\t\t<p>Wir laden Sie herzlich ein, das \u00c0 La Carte Restaurant <strong>City Terasa<\/strong> im 5. Stock zu besuchen.<\/p>\n<p><strong>Als kleines Dankesch\u00f6n f\u00fcr Ihr Vertrauen<\/strong> schenken wir Ihnen <strong>10 % Rabatt<\/strong>, den Sie einl\u00f6sen k\u00f6nnen, indem Sie unserem Personal das untenstehende Bild zeigen.<\/p>\n<p>Wir w\u00fcnschen Ihnen genussvolle Momente!<\/p>\n\t\t\t\t\t\t\t\t<\/div>\n\t\t\t\t<\/div>\n\t\t\t\t<div class=\"elementor-element elementor-element-4539eb9 elementor-widget elementor-widget-image\" data-id=\"4539eb9\" data-element_type=\"widget\" data-e-type=\"widget\" data-widget_type=\"image.default\">\n\t\t\t\t<div class=\"elementor-widget-container\">\n\t\t\t\t\t\t\t\t\t\t\t\t\t\t\t<img fetchpriority=\"high\" decoding=\"async\" width=\"1440\" height=\"1920\" src=\"https:\/\/www.cityterasa.si\/wp-content\/uploads\/2025\/07\/asdasdasdasd.jpg\" class=\"attachment-full size-full wp-image-2412\" alt=\"\" srcset=\"https:\/\/www.cityterasa.si\/wp-content\/uploads\/2025\/07\/asdasdasdasd.jpg 1440w, https:\/\/www.cityterasa.si\/wp-content\/uploads\/2025\/07\/asdasdasdasd-225x300.jpg 225w, https:\/\/www.cityterasa.si\/wp-content\/uploads\/2025\/07\/asdasdasdasd-768x1024.jpg 768w, https:\/\/www.cityterasa.si\/wp-content\/uploads\/2025\/07\/asdasdasdasd-1152x1536.jpg 1152w\" sizes=\"(max-width: 1440px) 100vw, 1440px\" \/>\t\t\t\t\t\t\t\t\t\t\t\t\t\t\t<\/div>\n\t\t\t\t<\/div>\n\t\t\t\t\t<\/div>\n\t\t\t\t<\/div>\n\t\t<div class=\"elementor-element elementor-element-d4693c4 e-flex e-con-boxed e-con e-parent\" data-id=\"d4693c4\" data-element_type=\"container\" data-e-type=\"container\">\n\t\t\t\t\t<div class=\"e-con-inner\">\n\t\t<div class=\"elementor-element elementor-element-0169c27 e-grid e-con-full e-con e-child\" data-id=\"0169c27\" data-element_type=\"container\" data-e-type=\"container\">\n\t\t\t\t<div class=\"elementor-element elementor-element-dcf4def elementor-widget elementor-widget-text-editor\" data-id=\"dcf4def\" data-element_type=\"widget\" data-e-type=\"widget\" data-widget_type=\"text-editor.default\">\n\t\t\t\t<div class=\"elementor-widget-container\">\n\t\t\t\t\t\t\t\t\t<p>Unser Restaurant <b><span style=\"color: #cca488;\">\u00c0 la carte City Terasa<\/span><\/b> ist Tr\u00e4ger zahlreicher renommierter Auszeichnungen, die unser Engagement f\u00fcr Spitzenkulinarik best\u00e4tigen:<\/p>\n<p><strong><span style=\"color: #cca488;\">&#8211; Michelin-Empfehlung<\/span><\/strong> f\u00fcr die Jahre 2022, 2023, 2024 und 2025.<\/p>\n<p><strong><span style=\"color: #cca488;\">&#8211; The Slovenia Restaurant Awards 2020<\/span><\/strong> \u2013 Gewinner in der Kategorie Hotelrestaurant<\/p>\n<p><strong><span style=\"color: #cca488;\">&#8211; Gault Millau Slovenia <\/span><\/strong>und<strong> <span style=\"color: #cca488;\">Falstaff<\/span><\/strong><\/p>\n\t\t\t\t\t\t\t\t<\/div>\n\t\t\t\t<\/div>\n\t\t\t\t<div class=\"elementor-element elementor-element-a3b1fce elementor-arrows-position-inside elementor-pagination-position-outside elementor-widget elementor-widget-image-carousel\" data-id=\"a3b1fce\" data-element_type=\"widget\" data-e-type=\"widget\" data-settings=\"{&quot;slides_to_show&quot;:&quot;1&quot;,&quot;navigation&quot;:&quot;both&quot;,&quot;autoplay&quot;:&quot;yes&quot;,&quot;pause_on_hover&quot;:&quot;yes&quot;,&quot;pause_on_interaction&quot;:&quot;yes&quot;,&quot;autoplay_speed&quot;:5000,&quot;infinite&quot;:&quot;yes&quot;,&quot;effect&quot;:&quot;slide&quot;,&quot;speed&quot;:500}\" data-widget_type=\"image-carousel.default\">\n\t\t\t\t<div class=\"elementor-widget-container\">\n\t\t\t\t\t\t\t<div class=\"elementor-image-carousel-wrapper swiper\" role=\"region\" aria-roledescription=\"carousel\" aria-label=\"Image Carousel\" dir=\"ltr\">\n\t\t\t<div class=\"elementor-image-carousel swiper-wrapper\" aria-live=\"off\">\n\t\t\t\t\t\t\t\t<div class=\"swiper-slide\" role=\"group\" aria-roledescription=\"slide\" aria-label=\"1 von 5\"><figure class=\"swiper-slide-inner\"><img decoding=\"async\" class=\"swiper-slide-image\" src=\"https:\/\/www.cityterasa.si\/wp-content\/uploads\/2025\/07\/Hotel-City_michelin_250620-11.jpg\" alt=\"Hotel City_michelin_250620-11\" \/><\/figure><\/div><div class=\"swiper-slide\" role=\"group\" aria-roledescription=\"slide\" aria-label=\"2 von 5\"><figure class=\"swiper-slide-inner\"><img decoding=\"async\" class=\"swiper-slide-image\" src=\"https:\/\/www.cityterasa.si\/wp-content\/uploads\/2025\/07\/Hotel-City_michelin_250620-18.jpg\" alt=\"Hotel City_michelin_250620-18\" \/><\/figure><\/div><div class=\"swiper-slide\" role=\"group\" aria-roledescription=\"slide\" aria-label=\"3 von 5\"><figure class=\"swiper-slide-inner\"><img decoding=\"async\" class=\"swiper-slide-image\" src=\"https:\/\/www.cityterasa.si\/wp-content\/uploads\/2025\/05\/spageti-z-jadranskimi-dagnji.jpg\" alt=\"spageti-z-jadranskimi-dagnji\" \/><\/figure><\/div><div class=\"swiper-slide\" role=\"group\" aria-roledescription=\"slide\" aria-label=\"4 von 5\"><figure class=\"swiper-slide-inner\"><img decoding=\"async\" class=\"swiper-slide-image\" src=\"https:\/\/www.cityterasa.si\/wp-content\/uploads\/2025\/05\/hrustljav-losos.jpg\" alt=\"hrustljav-losos\" \/><\/figure><\/div><div class=\"swiper-slide\" role=\"group\" aria-roledescription=\"slide\" aria-label=\"5 von 5\"><figure class=\"swiper-slide-inner\"><img decoding=\"async\" class=\"swiper-slide-image\" src=\"https:\/\/www.cityterasa.si\/wp-content\/uploads\/2025\/05\/sorbet-terasa.jpg\" alt=\"sorbet-terasa\" \/><\/figure><\/div>\t\t\t<\/div>\n\t\t\t\t\t\t\t\t\t\t\t\t<div class=\"elementor-swiper-button elementor-swiper-button-prev\" role=\"button\" tabindex=\"0\">\n\t\t\t\t\t\t<svg aria-hidden=\"true\" class=\"e-font-icon-svg e-eicon-chevron-left\" viewBox=\"0 0 1000 1000\" xmlns=\"http:\/\/www.w3.org\/2000\/svg\"><path d=\"M646 125C629 125 613 133 604 142L308 442C296 454 292 471 292 487 292 504 296 521 308 533L604 854C617 867 629 875 646 875 663 875 679 871 692 858 704 846 713 829 713 812 713 796 708 779 692 767L438 487 692 225C700 217 708 204 708 187 708 171 704 154 692 142 675 129 663 125 646 125Z\"><\/path><\/svg>\t\t\t\t\t<\/div>\n\t\t\t\t\t<div class=\"elementor-swiper-button elementor-swiper-button-next\" role=\"button\" tabindex=\"0\">\n\t\t\t\t\t\t<svg aria-hidden=\"true\" class=\"e-font-icon-svg e-eicon-chevron-right\" viewBox=\"0 0 1000 1000\" xmlns=\"http:\/\/www.w3.org\/2000\/svg\"><path d=\"M696 533C708 521 713 504 713 487 713 471 708 454 696 446L400 146C388 133 375 125 354 125 338 125 325 129 313 142 300 154 292 171 292 187 292 204 296 221 308 233L563 492 304 771C292 783 288 800 288 817 288 833 296 850 308 863 321 871 338 875 354 875 371 875 388 867 400 854L696 533Z\"><\/path><\/svg>\t\t\t\t\t<\/div>\n\t\t\t\t\n\t\t\t\t\t\t\t\t\t<div class=\"swiper-pagination\"><\/div>\n\t\t\t\t\t\t\t\t\t<\/div>\n\t\t\t\t\t\t<\/div>\n\t\t\t\t<\/div>\n\t\t\t\t<\/div>\n\t\t\t\t\t<\/div>\n\t\t\t\t<\/div>\n\t\t<div class=\"elementor-element elementor-element-4d9823d e-grid e-con-boxed e-con e-parent\" data-id=\"4d9823d\" data-element_type=\"container\" data-e-type=\"container\">\n\t\t\t\t\t<div class=\"e-con-inner\">\n\t\t<div class=\"elementor-element elementor-element-44d588e e-con-full e-flex e-con e-child\" data-id=\"44d588e\" data-element_type=\"container\" data-e-type=\"container\">\n\t\t\t\t<div class=\"elementor-element elementor-element-e39461d elementor-widget elementor-widget-heading\" data-id=\"e39461d\" data-element_type=\"widget\" data-e-type=\"widget\" data-widget_type=\"heading.default\">\n\t\t\t\t<div class=\"elementor-widget-container\">\n\t\t\t\t\t<h2 class=\"elementor-heading-title elementor-size-default\">\u00c0 LA CARTE RESTAURANT CITY TERASA<\/h2>\t\t\t\t<\/div>\n\t\t\t\t<\/div>\n\t\t\t\t<div class=\"elementor-element elementor-element-d6541ce elementor-widget elementor-widget-text-editor\" data-id=\"d6541ce\" data-element_type=\"widget\" data-e-type=\"widget\" data-widget_type=\"text-editor.default\">\n\t\t\t\t<div class=\"elementor-widget-container\">\n\t\t\t\t\t\t\t\t\t<p><span class=\"elementor-icon-list-text\"><strong>Mo \u2013 Do: 17:00 \u2013 22:00 Uhr<\/strong> (letzte Bestellungen bis 21:30 Uhr) <\/span><\/p><p><span class=\"elementor-icon-list-text\">12:00 \u2013 17:00 Uhr nur nach vorheriger Reservierung (Gruppen\/Veranstaltungen, mindestens 2 Tage im Voraus)<\/span><\/p><p><span class=\"elementor-icon-list-text\"><strong>Freitag: 13:00 \u2013 23:00 Uhr<\/strong> (letzte Bestellungen bis 22:00 Uhr)<\/span><\/p><p><span class=\"elementor-icon-list-text\"><strong>Samstag: 17:00 \u2013 23:00 Uhr<\/strong> (letzte Bestellungen bis 22:00 Uhr) <\/span><\/p><p><span class=\"elementor-icon-list-text\">12:00 \u2013 17:00 Uhr nur nach vorheriger Reservierung (Gruppen\/Veranstaltungen, mindestens 2 Tage im Voraus)<\/span><\/p><p><strong><span class=\"elementor-icon-list-text\">Sonntage und Feiertage: Geschlossen<\/span><\/strong><\/p>\t\t\t\t\t\t\t\t<\/div>\n\t\t\t\t<\/div>\n\t\t\t\t<\/div>\n\t\t\t\t\t<\/div>\n\t\t\t\t<\/div>\n\t\t\t\t<\/div>\n\t\t","protected":false},"excerpt":{"rendered":"<p>Vielen Dank, dass Sie sich f\u00fcr das Hotel City Maribor**** entschieden haben. Wir laden Sie herzlich ein, das \u00c0 La Carte Restaurant City Terasa im 5. Stock zu besuchen. Als kleines Dankesch\u00f6n f\u00fcr Ihr Vertrauen schenken wir Ihnen 10 % Rabatt, den Sie einl\u00f6sen k\u00f6nnen, indem Sie unserem Personal das untenstehende Bild zeigen. Wir w\u00fcnschen [&hellip;]<\/p>\n<div class=\"pvc_clear\"><\/div>\n<p id=\"pvc_stats_2481\" class=\"pvc_stats all  \" data-element-id=\"2481\" style=\"\"><i class=\"pvc-stats-icon medium\" aria-hidden=\"true\"><svg xmlns=\"http:\/\/www.w3.org\/2000\/svg\" version=\"1.0\" viewBox=\"0 0 502 315\" preserveAspectRatio=\"xMidYMid meet\"><g transform=\"translate(0,332) scale(0.1,-0.1)\" fill=\"\" stroke=\"none\"><path d=\"M2394 3279 l-29 -30 -3 -207 c-2 -182 0 -211 15 -242 39 -76 157 -76 196 0 15 31 17 60 15 243 l-3 209 -33 29 c-26 23 -41 29 -80 29 -41 0 -53 -5 -78 -31z\"\/><path d=\"M3085 3251 c-45 -19 -58 -50 -96 -229 -47 -217 -49 -260 -13 -295 52 -53 146 -42 177 20 16 31 87 366 87 410 0 70 -86 122 -155 94z\"\/><path d=\"M1751 3234 c-13 -9 -29 -31 -37 -50 -12 -29 -10 -49 21 -204 19 -94 39 -189 45 -210 14 -50 54 -80 110 -80 34 0 48 6 76 34 21 21 34 44 34 59 0 14 -18 113 -40 219 -37 178 -43 195 -70 221 -36 32 -101 37 -139 11z\"\/><path d=\"M1163 3073 c-36 -7 -73 -59 -73 -102 0 -56 133 -378 171 -413 34 -32 83 -37 129 -13 70 36 67 87 -16 290 -86 209 -89 214 -129 231 -35 14 -42 15 -82 7z\"\/><path d=\"M3689 3066 c-15 -9 -33 -30 -42 -48 -48 -103 -147 -355 -147 -375 0 -98 131 -148 192 -74 13 15 57 108 97 206 80 196 84 226 37 273 -30 30 -99 39 -137 18z\"\/><path d=\"M583 2784 c-38 -19 -67 -74 -58 -113 9 -42 211 -354 242 -373 16 -10 45 -18 66 -18 51 0 107 52 107 100 0 39 -1 41 -124 234 -80 126 -108 162 -133 173 -41 17 -61 16 -100 -3z\"\/><path d=\"M4250 2784 c-14 -9 -74 -91 -133 -183 -95 -150 -107 -173 -107 -213 0 -55 33 -94 87 -104 67 -13 90 8 211 198 130 202 137 225 78 284 -27 27 -42 34 -72 34 -22 0 -50 -8 -64 -16z\"\/><path d=\"M2275 2693 c-553 -48 -1095 -270 -1585 -649 -135 -104 -459 -423 -483 -476 -23 -49 -22 -139 2 -186 73 -142 361 -457 571 -626 285 -228 642 -407 990 -497 242 -63 336 -73 660 -74 310 0 370 5 595 52 535 111 1045 392 1455 803 122 121 250 273 275 326 19 41 19 137 0 174 -41 79 -309 363 -465 492 -447 370 -946 591 -1479 653 -113 14 -422 18 -536 8z m395 -428 c171 -34 330 -124 456 -258 112 -119 167 -219 211 -378 27 -96 24 -300 -5 -401 -72 -255 -236 -447 -474 -557 -132 -62 -201 -76 -368 -76 -167 0 -236 14 -368 76 -213 98 -373 271 -451 485 -162 444 86 934 547 1084 153 49 292 57 452 25z m909 -232 c222 -123 408 -262 593 -441 76 -74 138 -139 138 -144 0 -16 -233 -242 -330 -319 -155 -123 -309 -223 -461 -299 l-81 -41 32 46 c18 26 49 83 70 128 143 306 141 649 -6 957 -25 52 -61 116 -79 142 l-34 47 45 -20 c26 -10 76 -36 113 -56z m-2057 25 c-40 -58 -105 -190 -130 -263 -110 -324 -59 -707 132 -981 25 -35 42 -64 37 -64 -19 0 -241 119 -326 174 -188 122 -406 314 -532 468 l-58 71 108 103 c185 178 428 349 672 473 66 33 121 60 123 61 2 0 -10 -19 -26 -42z\"\/><path d=\"M2375 1950 c-198 -44 -350 -190 -395 -379 -18 -76 -8 -221 19 -290 114 -284 457 -406 731 -260 98 52 188 154 231 260 27 69 37 214 19 290 -38 163 -166 304 -326 360 -67 23 -215 33 -279 19z\"\/><\/g><\/svg><\/i> <img decoding=\"async\" width=\"16\" height=\"16\" alt=\"Loading\" src=\"https:\/\/www.cityterasa.si\/wp-content\/plugins\/page-views-count\/ajax-loader-2x.gif\" border=0 \/><\/p>\n<div class=\"pvc_clear\"><\/div>\n","protected":false},"author":3,"featured_media":0,"parent":0,"menu_order":0,"comment_status":"closed","ping_status":"closed","template":"","meta":{"footnotes":""},"class_list":["post-2481","page","type-page","status-publish","hentry"],"a3_pvc":{"activated":true,"total_views":0,"today_views":0},"yoast_head":"<!-- This site is optimized with the Yoast SEO plugin v27.5 - https:\/\/yoast.com\/product\/yoast-seo-wordpress\/ -->\n<title>Sommer auf der City Terasa - City Terasa Maribor<\/title>\n<meta name=\"robots\" content=\"index, follow, max-snippet:-1, max-image-preview:large, max-video-preview:-1\" \/>\n<link rel=\"canonical\" href=\"https:\/\/www.cityterasa.si\/de\/sommer-auf-der-city-terasa\" \/>\n<meta property=\"og:locale\" content=\"de_DE\" \/>\n<meta property=\"og:type\" content=\"article\" \/>\n<meta property=\"og:title\" content=\"Sommer auf der City Terasa - City Terasa Maribor\" \/>\n<meta property=\"og:description\" content=\"Vielen Dank, dass Sie sich f\u00fcr das Hotel City Maribor**** entschieden haben. Wir laden Sie herzlich ein, das \u00c0 La Carte Restaurant City Terasa im 5. Stock zu besuchen. Als kleines Dankesch\u00f6n f\u00fcr Ihr Vertrauen schenken wir Ihnen 10 % Rabatt, den Sie einl\u00f6sen k\u00f6nnen, indem Sie unserem Personal das untenstehende Bild zeigen. Wir w\u00fcnschen [&hellip;]\" \/>\n<meta property=\"og:url\" content=\"https:\/\/www.cityterasa.si\/de\/sommer-auf-der-city-terasa\" \/>\n<meta property=\"og:site_name\" content=\"City Terasa Maribor\" \/>\n<meta property=\"article:modified_time\" content=\"2026-01-18T12:37:16+00:00\" \/>\n<meta property=\"og:image\" content=\"https:\/\/www.cityterasa.si\/wp-content\/uploads\/2025\/07\/asdasdasdasd.jpg\" \/>\n\t<meta property=\"og:image:width\" content=\"1440\" \/>\n\t<meta property=\"og:image:height\" content=\"1920\" \/>\n\t<meta property=\"og:image:type\" content=\"image\/jpeg\" \/>\n<meta name=\"twitter:card\" content=\"summary_large_image\" \/>\n<meta name=\"twitter:label1\" content=\"Gesch\u00e4tzte Lesezeit\" \/>\n\t<meta name=\"twitter:data1\" content=\"3\u00a0Minuten\" \/>\n<script type=\"application\/ld+json\" class=\"yoast-schema-graph\">{\"@context\":\"https:\\\/\\\/schema.org\",\"@graph\":[{\"@type\":\"WebPage\",\"@id\":\"https:\\\/\\\/www.cityterasa.si\\\/de\\\/sommer-auf-der-city-terasa\",\"url\":\"https:\\\/\\\/www.cityterasa.si\\\/de\\\/sommer-auf-der-city-terasa\",\"name\":\"Sommer auf der City Terasa - City Terasa Maribor\",\"isPartOf\":{\"@id\":\"https:\\\/\\\/www.cityterasa.si\\\/#website\"},\"primaryImageOfPage\":{\"@id\":\"https:\\\/\\\/www.cityterasa.si\\\/de\\\/sommer-auf-der-city-terasa#primaryimage\"},\"image\":{\"@id\":\"https:\\\/\\\/www.cityterasa.si\\\/de\\\/sommer-auf-der-city-terasa#primaryimage\"},\"thumbnailUrl\":\"https:\\\/\\\/www.cityterasa.si\\\/wp-content\\\/uploads\\\/2025\\\/07\\\/asdasdasdasd.jpg\",\"datePublished\":\"2025-07-16T14:01:57+00:00\",\"dateModified\":\"2026-01-18T12:37:16+00:00\",\"breadcrumb\":{\"@id\":\"https:\\\/\\\/www.cityterasa.si\\\/de\\\/sommer-auf-der-city-terasa#breadcrumb\"},\"inLanguage\":\"de\",\"potentialAction\":[{\"@type\":\"ReadAction\",\"target\":[\"https:\\\/\\\/www.cityterasa.si\\\/de\\\/sommer-auf-der-city-terasa\"]}]},{\"@type\":\"ImageObject\",\"inLanguage\":\"de\",\"@id\":\"https:\\\/\\\/www.cityterasa.si\\\/de\\\/sommer-auf-der-city-terasa#primaryimage\",\"url\":\"https:\\\/\\\/www.cityterasa.si\\\/wp-content\\\/uploads\\\/2025\\\/07\\\/asdasdasdasd.jpg\",\"contentUrl\":\"https:\\\/\\\/www.cityterasa.si\\\/wp-content\\\/uploads\\\/2025\\\/07\\\/asdasdasdasd.jpg\"},{\"@type\":\"BreadcrumbList\",\"@id\":\"https:\\\/\\\/www.cityterasa.si\\\/de\\\/sommer-auf-der-city-terasa#breadcrumb\",\"itemListElement\":[{\"@type\":\"ListItem\",\"position\":1,\"name\":\"Home\",\"item\":\"https:\\\/\\\/www.cityterasa.si\\\/\"},{\"@type\":\"ListItem\",\"position\":2,\"name\":\"Sommer auf der City Terasa\"}]},{\"@type\":\"WebSite\",\"@id\":\"https:\\\/\\\/www.cityterasa.si\\\/#website\",\"url\":\"https:\\\/\\\/www.cityterasa.si\\\/\",\"name\":\"City Terasa Maribor\",\"description\":\"\",\"publisher\":{\"@id\":\"https:\\\/\\\/www.cityterasa.si\\\/#organization\"},\"potentialAction\":[{\"@type\":\"SearchAction\",\"target\":{\"@type\":\"EntryPoint\",\"urlTemplate\":\"https:\\\/\\\/www.cityterasa.si\\\/?s={search_term_string}\"},\"query-input\":{\"@type\":\"PropertyValueSpecification\",\"valueRequired\":true,\"valueName\":\"search_term_string\"}}],\"inLanguage\":\"de\"},{\"@type\":\"Organization\",\"@id\":\"https:\\\/\\\/www.cityterasa.si\\\/#organization\",\"name\":\"City Terasa Maribor\",\"url\":\"https:\\\/\\\/www.cityterasa.si\\\/\",\"logo\":{\"@type\":\"ImageObject\",\"inLanguage\":\"de\",\"@id\":\"https:\\\/\\\/www.cityterasa.si\\\/#\\\/schema\\\/logo\\\/image\\\/\",\"url\":\"https:\\\/\\\/www.cityterasa.si\\\/wp-content\\\/uploads\\\/2024\\\/04\\\/logo-terasa.png\",\"contentUrl\":\"https:\\\/\\\/www.cityterasa.si\\\/wp-content\\\/uploads\\\/2024\\\/04\\\/logo-terasa.png\",\"width\":802,\"height\":196,\"caption\":\"City Terasa Maribor\"},\"image\":{\"@id\":\"https:\\\/\\\/www.cityterasa.si\\\/#\\\/schema\\\/logo\\\/image\\\/\"}}]}<\/script>\n<!-- \/ Yoast SEO plugin. -->","yoast_head_json":{"title":"Sommer auf der City Terasa - City Terasa Maribor","robots":{"index":"index","follow":"follow","max-snippet":"max-snippet:-1","max-image-preview":"max-image-preview:large","max-video-preview":"max-video-preview:-1"},"canonical":"https:\/\/www.cityterasa.si\/de\/sommer-auf-der-city-terasa","og_locale":"de_DE","og_type":"article","og_title":"Sommer auf der City Terasa - City Terasa Maribor","og_description":"Vielen Dank, dass Sie sich f\u00fcr das Hotel City Maribor**** entschieden haben. Wir laden Sie herzlich ein, das \u00c0 La Carte Restaurant City Terasa im 5. Stock zu besuchen. Als kleines Dankesch\u00f6n f\u00fcr Ihr Vertrauen schenken wir Ihnen 10 % Rabatt, den Sie einl\u00f6sen k\u00f6nnen, indem Sie unserem Personal das untenstehende Bild zeigen. Wir w\u00fcnschen [&hellip;]","og_url":"https:\/\/www.cityterasa.si\/de\/sommer-auf-der-city-terasa","og_site_name":"City Terasa Maribor","article_modified_time":"2026-01-18T12:37:16+00:00","og_image":[{"width":1440,"height":1920,"url":"https:\/\/www.cityterasa.si\/wp-content\/uploads\/2025\/07\/asdasdasdasd.jpg","type":"image\/jpeg"}],"twitter_card":"summary_large_image","twitter_misc":{"Gesch\u00e4tzte Lesezeit":"3\u00a0Minuten"},"schema":{"@context":"https:\/\/schema.org","@graph":[{"@type":"WebPage","@id":"https:\/\/www.cityterasa.si\/de\/sommer-auf-der-city-terasa","url":"https:\/\/www.cityterasa.si\/de\/sommer-auf-der-city-terasa","name":"Sommer auf der City Terasa - City Terasa Maribor","isPartOf":{"@id":"https:\/\/www.cityterasa.si\/#website"},"primaryImageOfPage":{"@id":"https:\/\/www.cityterasa.si\/de\/sommer-auf-der-city-terasa#primaryimage"},"image":{"@id":"https:\/\/www.cityterasa.si\/de\/sommer-auf-der-city-terasa#primaryimage"},"thumbnailUrl":"https:\/\/www.cityterasa.si\/wp-content\/uploads\/2025\/07\/asdasdasdasd.jpg","datePublished":"2025-07-16T14:01:57+00:00","dateModified":"2026-01-18T12:37:16+00:00","breadcrumb":{"@id":"https:\/\/www.cityterasa.si\/de\/sommer-auf-der-city-terasa#breadcrumb"},"inLanguage":"de","potentialAction":[{"@type":"ReadAction","target":["https:\/\/www.cityterasa.si\/de\/sommer-auf-der-city-terasa"]}]},{"@type":"ImageObject","inLanguage":"de","@id":"https:\/\/www.cityterasa.si\/de\/sommer-auf-der-city-terasa#primaryimage","url":"https:\/\/www.cityterasa.si\/wp-content\/uploads\/2025\/07\/asdasdasdasd.jpg","contentUrl":"https:\/\/www.cityterasa.si\/wp-content\/uploads\/2025\/07\/asdasdasdasd.jpg"},{"@type":"BreadcrumbList","@id":"https:\/\/www.cityterasa.si\/de\/sommer-auf-der-city-terasa#breadcrumb","itemListElement":[{"@type":"ListItem","position":1,"name":"Home","item":"https:\/\/www.cityterasa.si\/"},{"@type":"ListItem","position":2,"name":"Sommer auf der City Terasa"}]},{"@type":"WebSite","@id":"https:\/\/www.cityterasa.si\/#website","url":"https:\/\/www.cityterasa.si\/","name":"City Terasa Maribor","description":"","publisher":{"@id":"https:\/\/www.cityterasa.si\/#organization"},"potentialAction":[{"@type":"SearchAction","target":{"@type":"EntryPoint","urlTemplate":"https:\/\/www.cityterasa.si\/?s={search_term_string}"},"query-input":{"@type":"PropertyValueSpecification","valueRequired":true,"valueName":"search_term_string"}}],"inLanguage":"de"},{"@type":"Organization","@id":"https:\/\/www.cityterasa.si\/#organization","name":"City Terasa Maribor","url":"https:\/\/www.cityterasa.si\/","logo":{"@type":"ImageObject","inLanguage":"de","@id":"https:\/\/www.cityterasa.si\/#\/schema\/logo\/image\/","url":"https:\/\/www.cityterasa.si\/wp-content\/uploads\/2024\/04\/logo-terasa.png","contentUrl":"https:\/\/www.cityterasa.si\/wp-content\/uploads\/2024\/04\/logo-terasa.png","width":802,"height":196,"caption":"City Terasa Maribor"},"image":{"@id":"https:\/\/www.cityterasa.si\/#\/schema\/logo\/image\/"}}]}},"_links":{"self":[{"href":"https:\/\/www.cityterasa.si\/de\/wp-json\/wp\/v2\/pages\/2481","targetHints":{"allow":["GET"]}}],"collection":[{"href":"https:\/\/www.cityterasa.si\/de\/wp-json\/wp\/v2\/pages"}],"about":[{"href":"https:\/\/www.cityterasa.si\/de\/wp-json\/wp\/v2\/types\/page"}],"author":[{"embeddable":true,"href":"https:\/\/www.cityterasa.si\/de\/wp-json\/wp\/v2\/users\/3"}],"replies":[{"embeddable":true,"href":"https:\/\/www.cityterasa.si\/de\/wp-json\/wp\/v2\/comments?post=2481"}],"version-history":[{"count":0,"href":"https:\/\/www.cityterasa.si\/de\/wp-json\/wp\/v2\/pages\/2481\/revisions"}],"wp:attachment":[{"href":"https:\/\/www.cityterasa.si\/de\/wp-json\/wp\/v2\/media?parent=2481"}],"curies":[{"name":"wp","href":"https:\/\/api.w.org\/{rel}","templated":true}]}}